{"id":1989,"date":"2011-12-10T18:53:39","date_gmt":"2011-12-10T18:53:39","guid":{"rendered":"http:\/\/www.nyalatravel.com\/wordpress\/?page_id=1989"},"modified":"2023-04-03T20:55:47","modified_gmt":"2023-04-03T20:55:47","slug":"nyala-wonder-travel","status":"publish","type":"page","link":"https:\/\/itourliguria.it\/fr\/nyala-wonder-travel\/","title":{"rendered":"Nyala Wonder Travel"},"content":{"rendered":"<h4><strong>Nyala Wonder Travel a \u00e9t\u00e9 cr\u00e9\u00e9 \u00e0 San Remo<\/strong>, en 2001, pour r\u00e9pondre aux premi\u00e8res demandes d\u2019un tourisme moderne, conscient de la sp\u00e9cificit\u00e9 du territoire ligure et de la C\u00f4te d\u2019Azur toute proche.<!--more--><\/h4>\n<p>Nous offrons des suggestions, des conseils, des informations et des r\u00e9servations \u00e0 une client\u00e8le exigeante \u00e0 la recherche de s\u00e9jours enrichissants, d\u2019exp\u00e9riences et d\u2019\u00e9motions. Notre\u00a0<strong>catalogue<a href=\"http:\/\/www.rivieradivina.com\/index_f.asp\">Riviera Divina<\/a><\/strong>\u00a0\u00e9voque le r\u00e9gime m\u00e9diterran\u00e9en traditionnel. En le feuilletant, on respire l\u2019air de la mer, les fleurs et les plantes aromatiques.<\/p>\n<p>Les services que nous proposons se sont diversifi\u00e9s au fil du temps et notre activit\u00e9 s&rsquo;\u00e9tend d\u00e9sormais au Pi\u00e9mont, \u00e0 la Toscane et \u00e0 toute l&rsquo;Italie.<\/p>\n<p><strong>Nous donnons des informations et effectuons des r\u00e9servations pour les services suivants :<\/strong><\/p>\n<table border=\"0\" cellspacing=\"0\" cellpadding=\"5\">\n<tbody>\n<tr>\n<td width=\"300px\">\n<ul>\n<li>h\u00f4tels, bed and breakfast,<br \/>\nagrotourisme, appartements<\/li>\n<li>restaurants et soir\u00e9es de gala<\/li>\n<li>guides et accompagnateurs touristiques<\/li>\n<\/ul>\n<\/td>\n<td>\n<ul>\n<li>circuits<\/li>\n<li>organisation d\u2019\u00e9v\u00e8nements<\/li>\n<li>organisation de meetings et de congr\u00e8s<\/li>\n<li>\u00e9v\u00e8nements sp\u00e9ciaux<\/li>\n<\/ul>\n<\/td>\n<\/tr>\n<\/tbody>\n<\/table>\n<p>Le souci d&rsquo;\u00e9viter un tourisme de masse impersonnel nous am\u00e8ne \u00e0 d\u00e9velopper en permanence de nouveaux projets pour r\u00e9pondre aux attentes d&rsquo;une client\u00e8le cibl\u00e9e.<\/p>\n<p>Le climat temp\u00e9r\u00e9 de notre r\u00e9gion convient tr\u00e8s bien aux sports de plein air. Nous aurons bient\u00f4t une impressionnante piste cyclable \u00e0 pic sur la mer. En pr\u00e9vision de cet \u00e9v\u00e8nement, nous avons cr\u00e9\u00e9 le site\u00a0<strong><a href=\"http:\/\/www.rivierabiking.it\/\">Riviera Biking<\/a><\/strong>\u00a0pour les amoureux du v\u00e9lo.<\/p>\n<p>Nyala Wonder Travel fait partie du consortium Riviera Holidays, il est membre de Fiavet et du Club Italia Enit ce qui lui permet d\u2019offrir des services de qualit\u00e9 \u00e0 un prix abordable.<\/p>\n<p>Nous sommes \u00e0 votre \u00e9coute ! Vous pouvez faire vos r\u00e9servations d\u2019h\u00f4tels et de s\u00e9jours vous m\u00eame en utilisant nos syst\u00e8mes.<\/p>\n<p>P.S. Ce site est encore en construction, vous voudrez bien nous excuser si toutes nos sections ne sont pas encore compl\u00e8tes.<\/p>\n","protected":false},"excerpt":{"rendered":"<p>Nyala Wonder Travel a \u00e9t\u00e9 cr\u00e9\u00e9 \u00e0 San Remo, en 2001, pour r\u00e9pondre aux premi\u00e8res demandes d\u2019un tourisme moderne, conscient de la sp\u00e9cificit\u00e9 du territoire ligure et de la C\u00f4te d\u2019Azur toute proche.<\/p>\n","protected":false},"author":1,"featured_media":0,"parent":0,"menu_order":0,"comment_status":"closed","ping_status":"open","template":"","meta":{"_acf_changed":false,"_et_pb_use_builder":"","_et_pb_old_content":"","_et_gb_content_width":"","_sitemap_exclude":false,"_sitemap_priority":"","_sitemap_frequency":"","footnotes":""},"class_list":["post-1989","page","type-page","status-publish","hentry"],"acf":[],"yoast_head":"<!-- This site is optimized with the Yoast SEO plugin v27.5 - https:\/\/yoast.com\/product\/yoast-seo-wordpress\/ -->\n<title>NYALA WONDER TRAVEL nouveau tour-op\u00e9rateur Ligurie Langhe Cinque Terre Portofino Genes San Remo<\/title>\n<meta name=\"description\" content=\"NYALA WONDER TRAVEL est un nouveau tour-op\u00e9rateur sp\u00e9cialis\u00e9 dans la Ligurie, la Riviera des Fleurs et Langhe.\" \/>\n<meta name=\"robots\" content=\"index, follow, max-snippet:-1, max-image-preview:large, max-video-preview:-1\" \/>\n<link rel=\"canonical\" href=\"https:\/\/itourliguria.it\/fr\/nyala-wonder-travel\/\" \/>\n<meta property=\"og:locale\" content=\"fr_FR\" \/>\n<meta property=\"og:type\" content=\"article\" \/>\n<meta property=\"og:title\" content=\"NYALA WONDER TRAVEL nouveau tour-op\u00e9rateur Ligurie Langhe Cinque Terre Portofino Genes San Remo\" \/>\n<meta property=\"og:description\" content=\"NYALA WONDER TRAVEL est un nouveau tour-op\u00e9rateur sp\u00e9cialis\u00e9 dans la Ligurie, la Riviera des Fleurs et Langhe.\" \/>\n<meta property=\"og:url\" content=\"https:\/\/itourliguria.it\/fr\/nyala-wonder-travel\/\" \/>\n<meta property=\"og:site_name\" content=\"iTour LIGURIA D.M.C.\" \/>\n<meta property=\"article:modified_time\" content=\"2023-04-03T20:55:47+00:00\" \/>\n<meta name=\"twitter:card\" content=\"summary_large_image\" \/>\n<meta name=\"twitter:label1\" content=\"Dur\u00e9e de lecture estim\u00e9e\" \/>\n\t<meta name=\"twitter:data1\" content=\"2 minutes\" \/>\n<script type=\"application\/ld+json\" class=\"yoast-schema-graph\">{\"@context\":\"https:\\\/\\\/schema.org\",\"@graph\":[{\"@type\":\"WebPage\",\"@id\":\"https:\\\/\\\/itourliguria.it\\\/fr\\\/nyala-wonder-travel\\\/\",\"url\":\"https:\\\/\\\/itourliguria.it\\\/fr\\\/nyala-wonder-travel\\\/\",\"name\":\"NYALA WONDER TRAVEL nouveau tour-op\u00e9rateur Ligurie Langhe Cinque Terre Portofino Genes San Remo\",\"isPartOf\":{\"@id\":\"https:\\\/\\\/itourliguria.it\\\/#website\"},\"datePublished\":\"2011-12-10T18:53:39+00:00\",\"dateModified\":\"2023-04-03T20:55:47+00:00\",\"description\":\"NYALA WONDER TRAVEL est un nouveau tour-op\u00e9rateur sp\u00e9cialis\u00e9 dans la Ligurie, la Riviera des Fleurs et Langhe.\",\"breadcrumb\":{\"@id\":\"https:\\\/\\\/itourliguria.it\\\/fr\\\/nyala-wonder-travel\\\/#breadcrumb\"},\"inLanguage\":\"fr-FR\",\"potentialAction\":[{\"@type\":\"ReadAction\",\"target\":[\"https:\\\/\\\/itourliguria.it\\\/fr\\\/nyala-wonder-travel\\\/\"]}]},{\"@type\":\"BreadcrumbList\",\"@id\":\"https:\\\/\\\/itourliguria.it\\\/fr\\\/nyala-wonder-travel\\\/#breadcrumb\",\"itemListElement\":[{\"@type\":\"ListItem\",\"position\":1,\"name\":\"Home\",\"item\":\"https:\\\/\\\/itourliguria.it\\\/fr\\\/\"},{\"@type\":\"ListItem\",\"position\":2,\"name\":\"Nyala Wonder Travel\"}]},{\"@type\":\"WebSite\",\"@id\":\"https:\\\/\\\/itourliguria.it\\\/#website\",\"url\":\"https:\\\/\\\/itourliguria.it\\\/\",\"name\":\"iTour LIGURIA D.M.C.\",\"description\":\"VIAGGI EXPERIENCE PACCHETTI MEETING\",\"publisher\":{\"@id\":\"https:\\\/\\\/itourliguria.it\\\/#organization\"},\"potentialAction\":[{\"@type\":\"SearchAction\",\"target\":{\"@type\":\"EntryPoint\",\"urlTemplate\":\"https:\\\/\\\/itourliguria.it\\\/?s={search_term_string}\"},\"query-input\":{\"@type\":\"PropertyValueSpecification\",\"valueRequired\":true,\"valueName\":\"search_term_string\"}}],\"inLanguage\":\"fr-FR\"},{\"@type\":\"Organization\",\"@id\":\"https:\\\/\\\/itourliguria.it\\\/#organization\",\"name\":\"iTour LIGURIA D.M.C.\",\"url\":\"https:\\\/\\\/itourliguria.it\\\/\",\"logo\":{\"@type\":\"ImageObject\",\"inLanguage\":\"fr-FR\",\"@id\":\"https:\\\/\\\/itourliguria.it\\\/#\\\/schema\\\/logo\\\/image\\\/\",\"url\":\"https:\\\/\\\/itourliguria.it\\\/wp-content\\\/uploads\\\/2023\\\/01\\\/Logo-I-Tour-Liguria.png\",\"contentUrl\":\"https:\\\/\\\/itourliguria.it\\\/wp-content\\\/uploads\\\/2023\\\/01\\\/Logo-I-Tour-Liguria.png\",\"width\":493,\"height\":63,\"caption\":\"iTour LIGURIA D.M.C.\"},\"image\":{\"@id\":\"https:\\\/\\\/itourliguria.it\\\/#\\\/schema\\\/logo\\\/image\\\/\"}}]}<\/script>\n<!-- \/ Yoast SEO plugin. -->","yoast_head_json":{"title":"NYALA WONDER TRAVEL nouveau tour-op\u00e9rateur Ligurie Langhe Cinque Terre Portofino Genes San Remo","description":"NYALA WONDER TRAVEL est un nouveau tour-op\u00e9rateur sp\u00e9cialis\u00e9 dans la Ligurie, la Riviera des Fleurs et Langhe.","robots":{"index":"index","follow":"follow","max-snippet":"max-snippet:-1","max-image-preview":"max-image-preview:large","max-video-preview":"max-video-preview:-1"},"canonical":"https:\/\/itourliguria.it\/fr\/nyala-wonder-travel\/","og_locale":"fr_FR","og_type":"article","og_title":"NYALA WONDER TRAVEL nouveau tour-op\u00e9rateur Ligurie Langhe Cinque Terre Portofino Genes San Remo","og_description":"NYALA WONDER TRAVEL est un nouveau tour-op\u00e9rateur sp\u00e9cialis\u00e9 dans la Ligurie, la Riviera des Fleurs et Langhe.","og_url":"https:\/\/itourliguria.it\/fr\/nyala-wonder-travel\/","og_site_name":"iTour LIGURIA D.M.C.","article_modified_time":"2023-04-03T20:55:47+00:00","twitter_card":"summary_large_image","twitter_misc":{"Dur\u00e9e de lecture estim\u00e9e":"2 minutes"},"schema":{"@context":"https:\/\/schema.org","@graph":[{"@type":"WebPage","@id":"https:\/\/itourliguria.it\/fr\/nyala-wonder-travel\/","url":"https:\/\/itourliguria.it\/fr\/nyala-wonder-travel\/","name":"NYALA WONDER TRAVEL nouveau tour-op\u00e9rateur Ligurie Langhe Cinque Terre Portofino Genes San Remo","isPartOf":{"@id":"https:\/\/itourliguria.it\/#website"},"datePublished":"2011-12-10T18:53:39+00:00","dateModified":"2023-04-03T20:55:47+00:00","description":"NYALA WONDER TRAVEL est un nouveau tour-op\u00e9rateur sp\u00e9cialis\u00e9 dans la Ligurie, la Riviera des Fleurs et Langhe.","breadcrumb":{"@id":"https:\/\/itourliguria.it\/fr\/nyala-wonder-travel\/#breadcrumb"},"inLanguage":"fr-FR","potentialAction":[{"@type":"ReadAction","target":["https:\/\/itourliguria.it\/fr\/nyala-wonder-travel\/"]}]},{"@type":"BreadcrumbList","@id":"https:\/\/itourliguria.it\/fr\/nyala-wonder-travel\/#breadcrumb","itemListElement":[{"@type":"ListItem","position":1,"name":"Home","item":"https:\/\/itourliguria.it\/fr\/"},{"@type":"ListItem","position":2,"name":"Nyala Wonder Travel"}]},{"@type":"WebSite","@id":"https:\/\/itourliguria.it\/#website","url":"https:\/\/itourliguria.it\/","name":"iTour LIGURIA D.M.C.","description":"VIAGGI EXPERIENCE PACCHETTI MEETING","publisher":{"@id":"https:\/\/itourliguria.it\/#organization"},"potentialAction":[{"@type":"SearchAction","target":{"@type":"EntryPoint","urlTemplate":"https:\/\/itourliguria.it\/?s={search_term_string}"},"query-input":{"@type":"PropertyValueSpecification","valueRequired":true,"valueName":"search_term_string"}}],"inLanguage":"fr-FR"},{"@type":"Organization","@id":"https:\/\/itourliguria.it\/#organization","name":"iTour LIGURIA D.M.C.","url":"https:\/\/itourliguria.it\/","logo":{"@type":"ImageObject","inLanguage":"fr-FR","@id":"https:\/\/itourliguria.it\/#\/schema\/logo\/image\/","url":"https:\/\/itourliguria.it\/wp-content\/uploads\/2023\/01\/Logo-I-Tour-Liguria.png","contentUrl":"https:\/\/itourliguria.it\/wp-content\/uploads\/2023\/01\/Logo-I-Tour-Liguria.png","width":493,"height":63,"caption":"iTour LIGURIA D.M.C."},"image":{"@id":"https:\/\/itourliguria.it\/#\/schema\/logo\/image\/"}}]}},"_links":{"self":[{"href":"https:\/\/itourliguria.it\/fr\/wp-json\/wp\/v2\/pages\/1989","targetHints":{"allow":["GET"]}}],"collection":[{"href":"https:\/\/itourliguria.it\/fr\/wp-json\/wp\/v2\/pages"}],"about":[{"href":"https:\/\/itourliguria.it\/fr\/wp-json\/wp\/v2\/types\/page"}],"author":[{"embeddable":true,"href":"https:\/\/itourliguria.it\/fr\/wp-json\/wp\/v2\/users\/1"}],"replies":[{"embeddable":true,"href":"https:\/\/itourliguria.it\/fr\/wp-json\/wp\/v2\/comments?post=1989"}],"version-history":[{"count":8,"href":"https:\/\/itourliguria.it\/fr\/wp-json\/wp\/v2\/pages\/1989\/revisions"}],"predecessor-version":[{"id":9989,"href":"https:\/\/itourliguria.it\/fr\/wp-json\/wp\/v2\/pages\/1989\/revisions\/9989"}],"wp:attachment":[{"href":"https:\/\/itourliguria.it\/fr\/wp-json\/wp\/v2\/media?parent=1989"}],"curies":[{"name":"wp","href":"https:\/\/api.w.org\/{rel}","templated":true}]}}