{"id":7610,"date":"2019-11-15T07:13:50","date_gmt":"2019-11-15T07:13:50","guid":{"rendered":"https:\/\/www.itourriviera.it\/?page_id=7610"},"modified":"2026-04-07T12:20:48","modified_gmt":"2026-04-07T12:20:48","slug":"contacts","status":"publish","type":"page","link":"https:\/\/itourliguria.it\/fr\/contacts\/","title":{"rendered":"Nous Contacter"},"content":{"rendered":"<p>[et_pb_section fb_built=\u00a0\u00bb1&Prime; _builder_version=\u00a0\u00bb4.16&Prime; custom_padding=\u00a0\u00bb0px||||false|false\u00a0\u00bb global_colors_info=\u00a0\u00bb{}\u00a0\u00bb][et_pb_row _builder_version=\u00a0\u00bb4.16&Prime; global_colors_info=\u00a0\u00bb{}\u00a0\u00bb][et_pb_column type=\u00a0\u00bb4_4&Prime; _builder_version=\u00a0\u00bb4.16&Prime; global_colors_info=\u00a0\u00bb{}\u00a0\u00bb][et_pb_text _builder_version=\u00a0\u00bb4.19.4&Prime; global_colors_info=\u00a0\u00bb{}\u00a0\u00bb]<\/p>\n<h1>Contactez-nous pour organiser votre voyage en Ligurie et nous serons heureux de mettre \u00e0 votre disposition nos vingt ans d&rsquo;exp\u00e9rience. Vous trouverez tous nos contacts ici.<\/h1>\n<p>Dans cette section \u00ab\u00a0Contacts\u00a0\u00bb, vous pouvez demander des informations sur nos services ou obtenir un devis pour organiser un voyage, qu&rsquo;il s&rsquo;agisse d&rsquo;un forfait (<a href=\"https:\/\/itourliguria.it\/category\/pacchetti\/\">pacchetto<\/a>) ou d&rsquo;une exp\u00e9rience (<a href=\"https:\/\/itourliguria.it\/fr\/category\/experiences\/\">esperienza<\/a>).<\/p>\n<p>[\/et_pb_text][\/et_pb_column][\/et_pb_row][et_pb_row column_structure=\u00a0\u00bb1_2,1_2&Prime; _builder_version=\u00a0\u00bb4.16&Prime; global_colors_info=\u00a0\u00bb{}\u00a0\u00bb][et_pb_column type=\u00a0\u00bb1_2&Prime; _builder_version=\u00a0\u00bb4.16&Prime; custom_padding=\u00a0\u00bb|||\u00a0\u00bb global_colors_info=\u00a0\u00bb{}\u00a0\u00bb custom_padding__hover=\u00a0\u00bb|||\u00a0\u00bb][et_pb_text _builder_version=\u00a0\u00bb4.27.6&Prime; custom_padding=\u00a0\u00bb20px|20px|20px|20px|true|true\u00a0\u00bb animation_style=\u00a0\u00bbzoom\u00a0\u00bb hover_enabled=\u00a0\u00bb0&Prime; border_radii=\u00a0\u00bbon|10px|10px|10px|10px\u00a0\u00bb box_shadow_style=\u00a0\u00bbpreset3&Prime; global_colors_info=\u00a0\u00bb{}\u00a0\u00bb sticky_enabled=\u00a0\u00bb0&Prime;]<\/p>\n\n<div class=\"wpcf7 no-js\" id=\"wpcf7-f10371-o1\" lang=\"en-US\" dir=\"ltr\" data-wpcf7-id=\"10371\">\n<div class=\"screen-reader-response\"><p role=\"status\" aria-live=\"polite\" aria-atomic=\"true\"><\/p> <ul><\/ul><\/div>\n<form action=\"\/fr\/wp-json\/wp\/v2\/pages\/7610#wpcf7-f10371-o1\" method=\"post\" class=\"wpcf7-form init wpcf7-acceptance-as-validation\" aria-label=\"Contact form\" novalidate=\"novalidate\" data-status=\"init\">\n<fieldset class=\"hidden-fields-container\"><input type=\"hidden\" name=\"_wpcf7\" value=\"10371\" \/><input type=\"hidden\" name=\"_wpcf7_version\" value=\"6.1.5\" \/><input type=\"hidden\" name=\"_wpcf7_locale\" value=\"en_US\" \/><input type=\"hidden\" name=\"_wpcf7_unit_tag\" value=\"wpcf7-f10371-o1\" \/><input type=\"hidden\" name=\"_wpcf7_container_post\" value=\"0\" \/><input type=\"hidden\" name=\"_wpcf7_posted_data_hash\" value=\"\" \/>\n<\/fieldset>\n<div class=\"form-container\">\n  <div class=\"left-column\">\n<p>Votre nom (obligatoire)<br \/>\n    <span class=\"wpcf7-form-control-wrap\" data-name=\"your-name\"><input size=\"40\" maxlength=\"400\" class=\"wpcf7-form-control wpcf7-text wpcf7-validates-as-required\" aria-required=\"true\" aria-invalid=\"false\" value=\"\" type=\"text\" name=\"your-name\" \/><\/span> <\/p>\n\n<p>Votre email (obligatoire)<br \/>\n    <span class=\"wpcf7-form-control-wrap\" data-name=\"your-email\"><input size=\"40\" maxlength=\"400\" class=\"wpcf7-form-control wpcf7-email wpcf7-validates-as-required wpcf7-text wpcf7-validates-as-email\" aria-required=\"true\" aria-invalid=\"false\" value=\"\" type=\"email\" name=\"your-email\" \/><\/span> <\/p>\n\n<p>Telephone (obligatoire)<br \/>\n    <span class=\"wpcf7-form-control-wrap\" data-name=\"your-phone\"><input size=\"40\" maxlength=\"400\" class=\"wpcf7-form-control wpcf7-text wpcf7-validates-as-required\" aria-required=\"true\" aria-invalid=\"false\" value=\"\" type=\"text\" name=\"your-phone\" \/><\/span> <\/p>\n\n<p>Votre ville<br \/>\n    <span class=\"wpcf7-form-control-wrap\" data-name=\"your-city\"><input size=\"40\" maxlength=\"400\" class=\"wpcf7-form-control wpcf7-text\" aria-invalid=\"false\" value=\"\" type=\"text\" name=\"your-city\" \/><\/span> <\/p>\n <\/div>\n\n <div class=\"right-column\">\n<p>Votre message<br \/>\n    <span class=\"wpcf7-form-control-wrap\" data-name=\"your-message\"><textarea cols=\"40\" rows=\"10\" maxlength=\"2000\" class=\"wpcf7-form-control wpcf7-textarea\" aria-invalid=\"false\" name=\"your-message\"><\/textarea><\/span> <\/p>\n\n<span class=\"wpcf7-form-control-wrap\" data-name=\"acceptance-934\"><span class=\"wpcf7-form-control wpcf7-acceptance\"><span class=\"wpcf7-list-item\"><label><input type=\"checkbox\" name=\"acceptance-934\" value=\"1\" aria-invalid=\"false\" \/><span class=\"wpcf7-list-item-label\">Je d\u00e9clare avoir lu et accept\u00e9 la politique de confidentialit\u00e9 concernant le traitement des donn\u00e9es personnelles, disponible sur cette page du site de l'agence.<\/span><\/label><\/span><\/span><\/span>\n\n<input class=\"wpcf7-form-control wpcf7-hidden\" value=\"iTourLiguria\" type=\"hidden\" name=\"sito-web\" \/>\n<input class=\"wpcf7-form-control wpcf7-hidden\" value=\"FR\" type=\"hidden\" name=\"lingua\" \/>\n<input class=\"wpcf7-form-control wpcf7-hidden\" value=\"--\" type=\"hidden\" name=\"your-azienda\" \/>\n\n<input class=\"wpcf7-form-control wpcf7-submit has-spinner\" type=\"submit\" value=\"Envoyer\" \/>\n<\/div>\n<\/div><p style=\"display: none !important;\" class=\"akismet-fields-container\" data-prefix=\"_wpcf7_ak_\"><label>&#916;<textarea name=\"_wpcf7_ak_hp_textarea\" cols=\"45\" rows=\"8\" maxlength=\"100\"><\/textarea><\/label><input type=\"hidden\" id=\"ak_js_1\" name=\"_wpcf7_ak_js\" value=\"210\"\/><script>document.getElementById( \"ak_js_1\" ).setAttribute( \"value\", ( new Date() ).getTime() );<\/script><\/p><div class=\"wpcf7-response-output\" aria-hidden=\"true\"><\/div>\n<\/form>\n<\/div>\n\n<p>[\/et_pb_text][\/et_pb_column][et_pb_column type=\u00a0\u00bb1_2&Prime; _builder_version=\u00a0\u00bb4.16&Prime; custom_padding=\u00a0\u00bb|||\u00a0\u00bb global_colors_info=\u00a0\u00bb{}\u00a0\u00bb custom_padding__hover=\u00a0\u00bb|||\u00a0\u00bb][et_pb_blurb image=\u00a0\u00bbhttps:\/\/itourliguria.it\/wp-content\/uploads\/2023\/01\/logo-itour-liguria-azzurro.png\u00a0\u00bb _builder_version=\u00a0\u00bb4.19.4&Prime; custom_margin=\u00a0\u00bb0px||||false|false\u00a0\u00bb custom_margin_tablet=\u00a0\u00bb\u00a0\u00bb custom_margin_phone=\u00a0\u00bb\u00a0\u00bb custom_margin_last_edited=\u00a0\u00bbon|phone\u00a0\u00bb custom_padding=\u00a0\u00bb200px||0px|||\u00a0\u00bb custom_padding_tablet=\u00a0\u00bb50px||\u00a0\u00bb custom_padding_phone=\u00a0\u00bb\u00a0\u00bb custom_padding_last_edited=\u00a0\u00bbon|phone\u00a0\u00bb animation_style=\u00a0\u00bbslide\u00a0\u00bb z_index_tablet=\u00a0\u00bb500&Prime; global_colors_info=\u00a0\u00bb{}\u00a0\u00bb]<\/p>\n<div class=\"col-sm-7 col-md-8\">\n<div id=\"pageinfo\">\n<p style=\"text-align: center;\"><strong>itour LIGURIA d.m.c.<br \/>Via Solaro 134<br \/>18038 Sanremo \u00b7 Italia<br \/>T: +39 0184 666 986<br \/>F: +39 0184 696 672<br \/>E: <a href=\"mailto:booking@itourliguria.it\">booking@itourliguria.it<\/a><br \/>Whatsapp: <a href=\"https:\/\/Https:\/\/we.ma\/393929510230\" data-wplink-url-error=\"true\">+39 392 951 0230<\/a><\/strong><\/p>\n<\/div>\n<\/div>\n<p style=\"text-align: center;\">[\/et_pb_blurb][\/et_pb_column][\/et_pb_row][\/et_pb_section]<\/p>\n","protected":false},"excerpt":{"rendered":"<p>Sur la page \u00ab\u00a0Contacts\u00a0\u00bb de Tour Liguria, vous pouvez obtenir des informations sur nos services ou demander un devis pour organiser votre voyage.<\/p>\n","protected":false},"author":17,"featured_media":8859,"parent":0,"menu_order":0,"comment_status":"closed","ping_status":"closed","template":"","meta":{"_acf_changed":false,"_et_pb_use_builder":"on","_et_pb_old_content":"","_et_gb_content_width":"","_sitemap_exclude":false,"_sitemap_priority":"","_sitemap_frequency":"","footnotes":""},"class_list":["post-7610","page","type-page","status-publish","has-post-thumbnail","hentry"],"acf":[],"yoast_head":"<!-- This site is optimized with the Yoast SEO plugin v27.3 - https:\/\/yoast.com\/product\/yoast-seo-wordpress\/ -->\n<title>Nous Contacter | iTour LIGURIA D.M.C.<\/title>\n<meta name=\"description\" content=\"Dans la section &quot;Contacts&quot; de Tour Liguria, vous pouvez demander des informations sur nos services ou obtenir un devis pour organiser votre voyage !\" \/>\n<meta name=\"robots\" content=\"index, follow, max-snippet:-1, max-image-preview:large, max-video-preview:-1\" \/>\n<link rel=\"canonical\" href=\"https:\/\/itourliguria.it\/fr\/contacts\/\" \/>\n<meta property=\"og:locale\" content=\"fr_FR\" \/>\n<meta property=\"og:type\" content=\"article\" \/>\n<meta property=\"og:title\" content=\"Nous Contacter | iTour LIGURIA D.M.C.\" \/>\n<meta property=\"og:description\" content=\"Dans la section &quot;Contacts&quot; de Tour Liguria, vous pouvez demander des informations sur nos services ou obtenir un devis pour organiser votre voyage !\" \/>\n<meta property=\"og:url\" content=\"https:\/\/itourliguria.it\/fr\/contacts\/\" \/>\n<meta property=\"og:site_name\" content=\"iTour LIGURIA D.M.C.\" \/>\n<meta property=\"article:modified_time\" content=\"2026-04-07T12:20:48+00:00\" \/>\n<meta property=\"og:image\" content=\"http:\/\/itourliguria.it\/wp-content\/uploads\/2022\/06\/contatti-2.jpg\" \/>\n\t<meta property=\"og:image:width\" content=\"960\" \/>\n\t<meta property=\"og:image:height\" content=\"250\" \/>\n\t<meta property=\"og:image:type\" content=\"image\/jpeg\" \/>\n<meta name=\"twitter:card\" content=\"summary_large_image\" \/>\n<meta name=\"twitter:label1\" content=\"Dur\u00e9e de lecture estim\u00e9e\" \/>\n\t<meta name=\"twitter:data1\" content=\"1 minute\" \/>\n<script type=\"application\/ld+json\" class=\"yoast-schema-graph\">{\"@context\":\"https:\\\/\\\/schema.org\",\"@graph\":[{\"@type\":\"WebPage\",\"@id\":\"https:\\\/\\\/itourliguria.it\\\/fr\\\/contacts\\\/\",\"url\":\"https:\\\/\\\/itourliguria.it\\\/fr\\\/contacts\\\/\",\"name\":\"Nous Contacter | iTour LIGURIA D.M.C.\",\"isPartOf\":{\"@id\":\"https:\\\/\\\/itourliguria.it\\\/#website\"},\"primaryImageOfPage\":{\"@id\":\"https:\\\/\\\/itourliguria.it\\\/fr\\\/contacts\\\/#primaryimage\"},\"image\":{\"@id\":\"https:\\\/\\\/itourliguria.it\\\/fr\\\/contacts\\\/#primaryimage\"},\"thumbnailUrl\":\"https:\\\/\\\/itourliguria.it\\\/wp-content\\\/uploads\\\/2022\\\/06\\\/contatti-2.jpg\",\"datePublished\":\"2019-11-15T07:13:50+00:00\",\"dateModified\":\"2026-04-07T12:20:48+00:00\",\"description\":\"Dans la section \\\"Contacts\\\" de Tour Liguria, vous pouvez demander des informations sur nos services ou obtenir un devis pour organiser votre voyage !\",\"breadcrumb\":{\"@id\":\"https:\\\/\\\/itourliguria.it\\\/fr\\\/contacts\\\/#breadcrumb\"},\"inLanguage\":\"fr-FR\",\"potentialAction\":[{\"@type\":\"ReadAction\",\"target\":[\"https:\\\/\\\/itourliguria.it\\\/fr\\\/contacts\\\/\"]}]},{\"@type\":\"ImageObject\",\"inLanguage\":\"fr-FR\",\"@id\":\"https:\\\/\\\/itourliguria.it\\\/fr\\\/contacts\\\/#primaryimage\",\"url\":\"https:\\\/\\\/itourliguria.it\\\/wp-content\\\/uploads\\\/2022\\\/06\\\/contatti-2.jpg\",\"contentUrl\":\"https:\\\/\\\/itourliguria.it\\\/wp-content\\\/uploads\\\/2022\\\/06\\\/contatti-2.jpg\",\"width\":960,\"height\":250,\"caption\":\"contacts\"},{\"@type\":\"BreadcrumbList\",\"@id\":\"https:\\\/\\\/itourliguria.it\\\/fr\\\/contacts\\\/#breadcrumb\",\"itemListElement\":[{\"@type\":\"ListItem\",\"position\":1,\"name\":\"Home\",\"item\":\"https:\\\/\\\/itourliguria.it\\\/fr\\\/\"},{\"@type\":\"ListItem\",\"position\":2,\"name\":\"Nous Contacter\"}]},{\"@type\":\"WebSite\",\"@id\":\"https:\\\/\\\/itourliguria.it\\\/#website\",\"url\":\"https:\\\/\\\/itourliguria.it\\\/\",\"name\":\"iTour LIGURIA D.M.C.\",\"description\":\"VIAGGI EXPERIENCE PACCHETTI MEETING\",\"publisher\":{\"@id\":\"https:\\\/\\\/itourliguria.it\\\/#organization\"},\"potentialAction\":[{\"@type\":\"SearchAction\",\"target\":{\"@type\":\"EntryPoint\",\"urlTemplate\":\"https:\\\/\\\/itourliguria.it\\\/?s={search_term_string}\"},\"query-input\":{\"@type\":\"PropertyValueSpecification\",\"valueRequired\":true,\"valueName\":\"search_term_string\"}}],\"inLanguage\":\"fr-FR\"},{\"@type\":\"Organization\",\"@id\":\"https:\\\/\\\/itourliguria.it\\\/#organization\",\"name\":\"iTour LIGURIA D.M.C.\",\"url\":\"https:\\\/\\\/itourliguria.it\\\/\",\"logo\":{\"@type\":\"ImageObject\",\"inLanguage\":\"fr-FR\",\"@id\":\"https:\\\/\\\/itourliguria.it\\\/#\\\/schema\\\/logo\\\/image\\\/\",\"url\":\"https:\\\/\\\/itourliguria.it\\\/wp-content\\\/uploads\\\/2023\\\/01\\\/Logo-I-Tour-Liguria.png\",\"contentUrl\":\"https:\\\/\\\/itourliguria.it\\\/wp-content\\\/uploads\\\/2023\\\/01\\\/Logo-I-Tour-Liguria.png\",\"width\":493,\"height\":63,\"caption\":\"iTour LIGURIA D.M.C.\"},\"image\":{\"@id\":\"https:\\\/\\\/itourliguria.it\\\/#\\\/schema\\\/logo\\\/image\\\/\"}}]}<\/script>\n<!-- \/ Yoast SEO plugin. -->","yoast_head_json":{"title":"Nous Contacter | iTour LIGURIA D.M.C.","description":"Dans la section \"Contacts\" de Tour Liguria, vous pouvez demander des informations sur nos services ou obtenir un devis pour organiser votre voyage !","robots":{"index":"index","follow":"follow","max-snippet":"max-snippet:-1","max-image-preview":"max-image-preview:large","max-video-preview":"max-video-preview:-1"},"canonical":"https:\/\/itourliguria.it\/fr\/contacts\/","og_locale":"fr_FR","og_type":"article","og_title":"Nous Contacter | iTour LIGURIA D.M.C.","og_description":"Dans la section \"Contacts\" de Tour Liguria, vous pouvez demander des informations sur nos services ou obtenir un devis pour organiser votre voyage !","og_url":"https:\/\/itourliguria.it\/fr\/contacts\/","og_site_name":"iTour LIGURIA D.M.C.","article_modified_time":"2026-04-07T12:20:48+00:00","og_image":[{"width":960,"height":250,"url":"http:\/\/itourliguria.it\/wp-content\/uploads\/2022\/06\/contatti-2.jpg","type":"image\/jpeg"}],"twitter_card":"summary_large_image","twitter_misc":{"Dur\u00e9e de lecture estim\u00e9e":"1 minute"},"schema":{"@context":"https:\/\/schema.org","@graph":[{"@type":"WebPage","@id":"https:\/\/itourliguria.it\/fr\/contacts\/","url":"https:\/\/itourliguria.it\/fr\/contacts\/","name":"Nous Contacter | iTour LIGURIA D.M.C.","isPartOf":{"@id":"https:\/\/itourliguria.it\/#website"},"primaryImageOfPage":{"@id":"https:\/\/itourliguria.it\/fr\/contacts\/#primaryimage"},"image":{"@id":"https:\/\/itourliguria.it\/fr\/contacts\/#primaryimage"},"thumbnailUrl":"https:\/\/itourliguria.it\/wp-content\/uploads\/2022\/06\/contatti-2.jpg","datePublished":"2019-11-15T07:13:50+00:00","dateModified":"2026-04-07T12:20:48+00:00","description":"Dans la section \"Contacts\" de Tour Liguria, vous pouvez demander des informations sur nos services ou obtenir un devis pour organiser votre voyage !","breadcrumb":{"@id":"https:\/\/itourliguria.it\/fr\/contacts\/#breadcrumb"},"inLanguage":"fr-FR","potentialAction":[{"@type":"ReadAction","target":["https:\/\/itourliguria.it\/fr\/contacts\/"]}]},{"@type":"ImageObject","inLanguage":"fr-FR","@id":"https:\/\/itourliguria.it\/fr\/contacts\/#primaryimage","url":"https:\/\/itourliguria.it\/wp-content\/uploads\/2022\/06\/contatti-2.jpg","contentUrl":"https:\/\/itourliguria.it\/wp-content\/uploads\/2022\/06\/contatti-2.jpg","width":960,"height":250,"caption":"contacts"},{"@type":"BreadcrumbList","@id":"https:\/\/itourliguria.it\/fr\/contacts\/#breadcrumb","itemListElement":[{"@type":"ListItem","position":1,"name":"Home","item":"https:\/\/itourliguria.it\/fr\/"},{"@type":"ListItem","position":2,"name":"Nous Contacter"}]},{"@type":"WebSite","@id":"https:\/\/itourliguria.it\/#website","url":"https:\/\/itourliguria.it\/","name":"iTour LIGURIA D.M.C.","description":"VIAGGI EXPERIENCE PACCHETTI MEETING","publisher":{"@id":"https:\/\/itourliguria.it\/#organization"},"potentialAction":[{"@type":"SearchAction","target":{"@type":"EntryPoint","urlTemplate":"https:\/\/itourliguria.it\/?s={search_term_string}"},"query-input":{"@type":"PropertyValueSpecification","valueRequired":true,"valueName":"search_term_string"}}],"inLanguage":"fr-FR"},{"@type":"Organization","@id":"https:\/\/itourliguria.it\/#organization","name":"iTour LIGURIA D.M.C.","url":"https:\/\/itourliguria.it\/","logo":{"@type":"ImageObject","inLanguage":"fr-FR","@id":"https:\/\/itourliguria.it\/#\/schema\/logo\/image\/","url":"https:\/\/itourliguria.it\/wp-content\/uploads\/2023\/01\/Logo-I-Tour-Liguria.png","contentUrl":"https:\/\/itourliguria.it\/wp-content\/uploads\/2023\/01\/Logo-I-Tour-Liguria.png","width":493,"height":63,"caption":"iTour LIGURIA D.M.C."},"image":{"@id":"https:\/\/itourliguria.it\/#\/schema\/logo\/image\/"}}]}},"_links":{"self":[{"href":"https:\/\/itourliguria.it\/fr\/wp-json\/wp\/v2\/pages\/7610","targetHints":{"allow":["GET"]}}],"collection":[{"href":"https:\/\/itourliguria.it\/fr\/wp-json\/wp\/v2\/pages"}],"about":[{"href":"https:\/\/itourliguria.it\/fr\/wp-json\/wp\/v2\/types\/page"}],"author":[{"embeddable":true,"href":"https:\/\/itourliguria.it\/fr\/wp-json\/wp\/v2\/users\/17"}],"replies":[{"embeddable":true,"href":"https:\/\/itourliguria.it\/fr\/wp-json\/wp\/v2\/comments?post=7610"}],"version-history":[{"count":6,"href":"https:\/\/itourliguria.it\/fr\/wp-json\/wp\/v2\/pages\/7610\/revisions"}],"predecessor-version":[{"id":10725,"href":"https:\/\/itourliguria.it\/fr\/wp-json\/wp\/v2\/pages\/7610\/revisions\/10725"}],"wp:featuredmedia":[{"embeddable":true,"href":"https:\/\/itourliguria.it\/fr\/wp-json\/wp\/v2\/media\/8859"}],"wp:attachment":[{"href":"https:\/\/itourliguria.it\/fr\/wp-json\/wp\/v2\/media?parent=7610"}],"curies":[{"name":"wp","href":"https:\/\/api.w.org\/{rel}","templated":true}]}}